{"id":10,"date":"2016-03-02T10:34:13","date_gmt":"2016-03-02T10:34:13","guid":{"rendered":"http:\/\/charlyserdbeerhof.wordpress.com\/?page_id=1"},"modified":"2017-03-06T15:07:16","modified_gmt":"2017-03-06T15:07:16","slug":"eine-seite","status":"publish","type":"page","link":"https:\/\/charlys-erdbeerhof.de\/","title":{"rendered":""},"content":{"rendered":"<h3 style=\"text-align: center;\"><span style=\"color: #000000;\">Herzlich willkommen auf Charly&#8217;s Erdbeerhof!<\/span><\/h3>\n<p style=\"text-align: center;\"><span style=\"color: #000000;\">Ihrem Bauern f\u00fcr die s\u00fc\u00dfesten und fruchtigsten Erdbeeren des Sommers. Erdbeeren sind\u00a0unsere\u00a0Leidenschaft. \u00dcberzeugen Sie sich selbst!<\/span><\/p>\n<p><a href=\"https:\/\/charlys-erdbeerhof.de\/?page_id=417\"><img decoding=\"async\" loading=\"lazy\" class=\"wp-image-989 size-medium alignleft\" src=\"https:\/\/charlys-erdbeerhof.de\/wp-content\/uploads\/2016\/03\/Kropfbild_ueber-uns-300x300.jpg\" width=\"300\" height=\"300\" srcset=\"https:\/\/charlys-erdbeerhof.de\/wp-content\/uploads\/2016\/03\/Kropfbild_ueber-uns-300x300.jpg 300w, https:\/\/charlys-erdbeerhof.de\/wp-content\/uploads\/2016\/03\/Kropfbild_ueber-uns-150x150.jpg 150w, https:\/\/charlys-erdbeerhof.de\/wp-content\/uploads\/2016\/03\/Kropfbild_ueber-uns-500x500.jpg 500w, https:\/\/charlys-erdbeerhof.de\/wp-content\/uploads\/2016\/03\/Kropfbild_ueber-uns.jpg 595w\" sizes=\"(max-width: 300px) 100vw, 300px\" \/><\/a> <a href=\"https:\/\/charlys-erdbeerhof.de\/?page_id=737\"><img decoding=\"async\" loading=\"lazy\" class=\"alignnone wp-image-990 size-medium\" src=\"https:\/\/charlys-erdbeerhof.de\/wp-content\/uploads\/2016\/03\/Kropfbild_erdbeeren-300x300.jpg\" width=\"300\" height=\"300\" srcset=\"https:\/\/charlys-erdbeerhof.de\/wp-content\/uploads\/2016\/03\/Kropfbild_erdbeeren-300x300.jpg 300w, https:\/\/charlys-erdbeerhof.de\/wp-content\/uploads\/2016\/03\/Kropfbild_erdbeeren-150x150.jpg 150w, https:\/\/charlys-erdbeerhof.de\/wp-content\/uploads\/2016\/03\/Kropfbild_erdbeeren-500x500.jpg 500w, https:\/\/charlys-erdbeerhof.de\/wp-content\/uploads\/2016\/03\/Kropfbild_erdbeeren.jpg 595w\" sizes=\"(max-width: 300px) 100vw, 300px\" \/><\/a> <a href=\"https:\/\/charlys-erdbeerhof.de\/?page_id=55\"><img decoding=\"async\" loading=\"lazy\" class=\"wp-image-578 size-medium alignleft\" src=\"https:\/\/charlys-erdbeerhof.de\/wp-content\/uploads\/2016\/03\/Kropfbild_kiwi-300x300.jpg\" width=\"300\" height=\"300\" srcset=\"https:\/\/charlys-erdbeerhof.de\/wp-content\/uploads\/2016\/03\/Kropfbild_kiwi-300x300.jpg 300w, https:\/\/charlys-erdbeerhof.de\/wp-content\/uploads\/2016\/03\/Kropfbild_kiwi-150x150.jpg 150w, https:\/\/charlys-erdbeerhof.de\/wp-content\/uploads\/2016\/03\/Kropfbild_kiwi-500x500.jpg 500w, https:\/\/charlys-erdbeerhof.de\/wp-content\/uploads\/2016\/03\/Kropfbild_kiwi.jpg 595w\" sizes=\"(max-width: 300px) 100vw, 300px\" \/><\/a> <a href=\"https:\/\/charlys-erdbeerhof.de\/?page_id=540\"><img decoding=\"async\" loading=\"lazy\" class=\"wp-image-993 size-medium alignnone\" src=\"https:\/\/charlys-erdbeerhof.de\/wp-content\/uploads\/2016\/03\/Kropfbild_jobs-300x300.jpg\" width=\"300\" height=\"300\" srcset=\"https:\/\/charlys-erdbeerhof.de\/wp-content\/uploads\/2016\/03\/Kropfbild_jobs-300x300.jpg 300w, https:\/\/charlys-erdbeerhof.de\/wp-content\/uploads\/2016\/03\/Kropfbild_jobs-150x150.jpg 150w, https:\/\/charlys-erdbeerhof.de\/wp-content\/uploads\/2016\/03\/Kropfbild_jobs-500x500.jpg 500w, https:\/\/charlys-erdbeerhof.de\/wp-content\/uploads\/2016\/03\/Kropfbild_jobs.jpg 595w\" sizes=\"(max-width: 300px) 100vw, 300px\" \/><\/a> <a href=\"https:\/\/charlys-erdbeerhof.de\/?page_id=262\"><img decoding=\"async\" loading=\"lazy\" class=\"alignnone size-medium wp-image-995\" src=\"https:\/\/charlys-erdbeerhof.de\/wp-content\/uploads\/2016\/06\/Kropfbild_kontakt-300x300.jpg\" alt=\"Kropfbild_kontakt\" width=\"300\" height=\"300\" srcset=\"https:\/\/charlys-erdbeerhof.de\/wp-content\/uploads\/2016\/06\/Kropfbild_kontakt-300x300.jpg 300w, https:\/\/charlys-erdbeerhof.de\/wp-content\/uploads\/2016\/06\/Kropfbild_kontakt-150x150.jpg 150w, https:\/\/charlys-erdbeerhof.de\/wp-content\/uploads\/2016\/06\/Kropfbild_kontakt-500x500.jpg 500w, https:\/\/charlys-erdbeerhof.de\/wp-content\/uploads\/2016\/06\/Kropfbild_kontakt.jpg 595w\" sizes=\"(max-width: 300px) 100vw, 300px\" \/><\/a><\/p>\n","protected":false},"excerpt":{"rendered":"<p>Herzlich willkommen auf Charly&#8217;s Erdbeerhof! Ihrem Bauern f\u00fcr die s\u00fc\u00dfesten und fruchtigsten Erdbeeren des Sommers. Erdbeeren sind\u00a0unsere\u00a0Leidenschaft. \u00dcberzeugen Sie sich selbst!<\/p>\n","protected":false},"author":1,"featured_media":0,"parent":0,"menu_order":0,"comment_status":"closed","ping_status":"closed","template":"","meta":[],"_links":{"self":[{"href":"https:\/\/charlys-erdbeerhof.de\/index.php?rest_route=\/wp\/v2\/pages\/10"}],"collection":[{"href":"https:\/\/charlys-erdbeerhof.de\/index.php?rest_route=\/wp\/v2\/pages"}],"about":[{"href":"https:\/\/charlys-erdbeerhof.de\/index.php?rest_route=\/wp\/v2\/types\/page"}],"author":[{"embeddable":true,"href":"https:\/\/charlys-erdbeerhof.de\/index.php?rest_route=\/wp\/v2\/users\/1"}],"replies":[{"embeddable":true,"href":"https:\/\/charlys-erdbeerhof.de\/index.php?rest_route=%2Fwp%2Fv2%2Fcomments&post=10"}],"version-history":[{"count":257,"href":"https:\/\/charlys-erdbeerhof.de\/index.php?rest_route=\/wp\/v2\/pages\/10\/revisions"}],"predecessor-version":[{"id":1210,"href":"https:\/\/charlys-erdbeerhof.de\/index.php?rest_route=\/wp\/v2\/pages\/10\/revisions\/1210"}],"wp:attachment":[{"href":"https:\/\/charlys-erdbeerhof.de\/index.php?rest_route=%2Fwp%2Fv2%2Fmedia&parent=10"}],"curies":[{"name":"wp","href":"https:\/\/api.w.org\/{rel}","templated":true}]}}