{"id":737,"date":"2016-05-02T07:20:29","date_gmt":"2016-05-02T07:20:29","guid":{"rendered":"http:\/\/charlys-erdbeerhof.de\/?page_id=737"},"modified":"2016-07-12T14:42:50","modified_gmt":"2016-07-12T14:42:50","slug":"charlys-erdbeer-sorten","status":"publish","type":"page","link":"https:\/\/charlys-erdbeerhof.de\/?page_id=737","title":{"rendered":"Charly\u2019s Erdbeer-Sorten"},"content":{"rendered":"<h3>Zun\u00e4chst eine kleine Einf\u00fchrung in die Botanik und Geschichte der Erdbeere.<\/h3>\n<figure id=\"attachment_1035\" aria-describedby=\"caption-attachment-1035\" style=\"width: 237px\" class=\"wp-caption alignleft\"><img decoding=\"async\" loading=\"lazy\" class=\"wp-image-1035 size-full\" src=\"https:\/\/charlys-erdbeerhof.de\/wp-content\/uploads\/2016\/03\/sortenneu.png\" width=\"237\" height=\"261\" \/><figcaption id=\"caption-attachment-1035\" class=\"wp-caption-text\">Es gibt \u00fcber 1000 Erdbeersorten<\/figcaption><\/figure>\n<figure id=\"attachment_1036\" aria-describedby=\"caption-attachment-1036\" style=\"width: 237px\" class=\"wp-caption alignleft\"><img decoding=\"async\" loading=\"lazy\" class=\"wp-image-1036 size-full\" src=\"https:\/\/charlys-erdbeerhof.de\/wp-content\/uploads\/2016\/03\/sorten3b.png\" width=\"237\" height=\"261\" \/><figcaption id=\"caption-attachment-1036\" class=\"wp-caption-text\">Unsere heutige Kulturerdbeere<\/figcaption><\/figure>\n<p>Die Erdbeerpflanze geh\u00f6rt botanisch zur Familie der Rosengew\u00e4chse und ist somit verwandt mit Rosen, Apfel, Himbeere, Kirsche, Mandel usw. Es gibt etwa zwanzig verschiedene Wildformen der Erdbeerpflanze, die weltweit verbreitet sind. Erdbeeren wurden bereits in der Steinzeit gesammelt und auch r\u00f6mische Geschichtsschreiber berichten von der K\u00f6stlichkeit der Erdbeere. In Europa ist die Wildform Fragaria vesca verbreitet, was \u201eessbarer Duft\u201c bedeutet. Leider sind die Fr\u00fcchte dieser Wildform nur sehr klein und weich. Durch Handelsreisende gelangten im 17. Jahrhundert die Wildformen Fragaria chiloensis aus S\u00fcdamerika und Fragaria virginiana aus Nordamerika nach Europa. Um 1750 schlug die Geburtsstunde unserer heutigen Erdbeeren. Durch eine zuf\u00e4llige Kreuzung dieser beiden Wildformen entstand der Ursprung aller heutigen Erdbeersorten, die man auf Grund ihres Aussehens und Duftes auf den Namen Ananas-Erdbeere (Fragaria ananassa) taufte. Alle neuen Z\u00fcchtungen (Sorten), die im Laufe der Jahrhunderte durchgef\u00fchrt worden sind, beruhen auf diesem Ursprung und verbreiteten sich von Europa aus wieder in alle Welt.<\/p>\n<h3>Und nun zu den Sorten in unserem Anbau:<\/h3>\n<p>Jede Sorte hat ihren eigenen Charakter und wir respektieren das im Anbau. Wir belassen den Sorten ihre Eigenheiten und lassen sie so wachsen, wie es ihrer Natur entspricht. Mit viel Erfahrung wissen wir, welche Sorte sich auf dem jeweiligen Feld am wohlsten f\u00fchlt. Durch geschickte Kombination der Erntezeitpunkte im Anbau erreichen wir eine Ernteperiode, die von Mai bis Oktober reicht. Traditionell halten wir lange an bew\u00e4hrten Sorten fest. Neue Z\u00fcchtungen werden erst in einem l\u00e4ngeren Probeanbau in unserem Versuchsgarten getestet. Nur wenn diese neuen Sorten unseren hohen Anspr\u00fcchen gerecht werden k\u00f6nnen, nehmen wir sie in den Anbau auf.<\/p>\n<h3>In unserem Erdbeeranbau gibt es drei verschiedene Anbaumethoden<\/h3>\n<h3>1. Die sommertragenden Sorten<\/h3>\n<figure id=\"attachment_1038\" aria-describedby=\"caption-attachment-1038\" style=\"width: 237px\" class=\"wp-caption alignleft\"><img decoding=\"async\" loading=\"lazy\" class=\"wp-image-1038 size-full\" src=\"https:\/\/charlys-erdbeerhof.de\/wp-content\/uploads\/2016\/03\/elsanta-1-300x200.jpg\" width=\"237\" height=\"158\" \/><figcaption id=\"caption-attachment-1038\" class=\"wp-caption-text\">Unsere Erdbeersorte &#8222;Elsanta&#8220; &#8230;<\/figcaption><\/figure>\n<figure id=\"attachment_1039\" aria-describedby=\"caption-attachment-1039\" style=\"width: 237px\" class=\"wp-caption alignleft\"><img decoding=\"async\" loading=\"lazy\" class=\"wp-image-1039 size-full\" src=\"https:\/\/charlys-erdbeerhof.de\/wp-content\/uploads\/2016\/03\/elianny-1-300x200.jpg\" width=\"237\" height=\"158\" \/><figcaption id=\"caption-attachment-1039\" class=\"wp-caption-text\">&#8230; und die Sorte &#8222;Elianny<\/figcaption><\/figure>\n<p>Dies sind die am weitesten verbreiteten Sorten. Sie entwickeln ab Mitte September unter dem Einfluss der k\u00fcrzeren Tagesl\u00e4ngen und der zur\u00fcckgehenden Temperaturen die Bl\u00fctenanlagen f\u00fcr die n\u00e4chste Ernte. Im darauffolgenden Fr\u00fchjahr treiben die Pflanzen dann aus, entwickeln die Bl\u00fctenanlagen zu ihrer vollst\u00e4ndigen Gr\u00f6\u00dfe und bringen nach der Phase der Fruchtausbildung die erntereifen Fr\u00fcchte hervor. Durch die\u00a0Abdeckung der Felder mit einer Spezialfolie zur Temperaturerh\u00f6hung oder durch eine dicke Strohauflage zur Temperaturabsenkung der Bodentemperaturen wird der nat\u00fcrliche Erntezeitraum solcher Sorten verl\u00e4ngert. Der Erntezeitraum erstreckt sich von Mitte Mai bis Anfang Juli. In diesem Segment ist bei uns bereits seit Jahren die Sorte \u201eElsanta\u201c Standard und hat sich au\u00dferordentlich bew\u00e4hrt. Durch ihre\u00a0positiven Fruchteigenschaften hebt\u00a0sie sich immer noch von vielen Neuz\u00fcchtungen ab. Ebenso haben wir seit zwei Jahren die Sorte \u201eElianny\u201c im Anbau. Diese Neuz\u00fcchtung stammt aus dem etwas raueren Klima in England, wodurch sich ihre besondere Widerstandskraft gegen Sch\u00e4dlinge und Krankheiten erkl\u00e4rt. Im Ertrag nicht ganz so stark bringt sie jedoch\u00a0sehr sch\u00f6n geformte Fr\u00fcchte mit einem ganz besonderen Aroma hervor, was sie f\u00fcr unsere Kunden zu einer sehr wertvollen Sorte macht.<\/p>\n<h3>2. Terminkulturen mit gek\u00fchlten Pflanzen<\/h3>\n<figure id=\"attachment_1041\" aria-describedby=\"caption-attachment-1041\" style=\"width: 237px\" class=\"wp-caption alignleft\"><img decoding=\"async\" loading=\"lazy\" class=\"wp-image-1041 size-full\" src=\"https:\/\/charlys-erdbeerhof.de\/wp-content\/uploads\/2016\/03\/image-2-1.jpg\" width=\"237\" height=\"158\" \/><figcaption id=\"caption-attachment-1041\" class=\"wp-caption-text\">Pflanzenkontrolle im K\u00fchllager<\/figcaption><\/figure>\n<p>Hierbei handelt es sich um Pflanzen von sommertragenden Sorten, die im Dezember, wenn die Phase der Bl\u00fctenbildung abgeschlossen ist, gerodet und bei &#8211; 1,5\u00b0C im K\u00fchlhaus gelagert werden. So wird auf einfache Art die nat\u00fcrliche Winterruhe der Pflanzen verl\u00e4ngert. Ausgepflanzt werden diese Pflanzen dann von Ende April bis Ende Mai,\u00a0nach 6 bis 8 Wochen Wachstumszeit setzt die Ernte ein. Der Erntezeitraum l\u00e4sst sich so steuern und liegt von Ende Juni bis Ende Juli. Nach der ersten Ernte werden die Pflanzen meistens noch f\u00fcr ein weiteres Jahr genutzt. Die Hauptsorten sind auch bei diesem Anbaukonzept \u201eElsanta\u201c und \u201eElianny\u201c.<\/p>\n<h3>3. Remontierende Sorten<\/h3>\n<figure id=\"attachment_1042\" aria-describedby=\"caption-attachment-1042\" style=\"width: 237px\" class=\"wp-caption alignleft\"><img decoding=\"async\" loading=\"lazy\" class=\"wp-image-1042 size-full\" src=\"https:\/\/charlys-erdbeerhof.de\/wp-content\/uploads\/2016\/03\/image-3-1.jpg\" width=\"237\" height=\"158\" \/><figcaption id=\"caption-attachment-1042\" class=\"wp-caption-text\">So lecker wie sie aussehen!<\/figcaption><\/figure>\n<p>Diese Sorten sind auch unter dem Begriff \u201eimmertragend\u201c bekannt. Sie bilden nach einer langsameren Jugendentwicklung im Fr\u00fchjahr, unabh\u00e4ngig von der Tagesl\u00e4nge und den Tagestemperaturen, immer wieder neue Bl\u00fcten, weshalb sie auch als \u201eTagneutral\u201c bezeichnet werden. Die ersten Bl\u00fcten dieser Pflanzen werden von Hand entfernt, damit sich zuerst eine kr\u00e4ftige Pflanze mit ausreichender Wurzel- und Blattmasse entwickeln kann. Erst ab Mitte-Ende Juni belassen wir die Bl\u00fcten dann in den Pflanzen und erm\u00f6glichen so eine Ernte ab Ende Juli, die sich bis zu den ersten Fr\u00f6sten, meist Ende Oktober, hinzieht. Das regelm\u00e4\u00dfige Putzen der Pflanzen durch\u00a0Entfernen von abgetragenen Bl\u00fctenstielen, Ranken und alten Bl\u00e4ttern ist sehr arbeitsintensiv, wird aber durch ein ges\u00fcnderes Pflanzenwachstum und bessere Fruchtqualit\u00e4ten belohnt. Solche Sorten eigenen sich nur f\u00fcr den\u00a0einj\u00e4hrigen Anbau und werden von uns deshalb j\u00e4hrlich neu angepflanzt. Zur Zeit kommen\u00a0die Sorten \u201eEvie\u201c aus England, \u201eFlorin\u201c aus Holland, \u201eCharlotte\u201c aus Frankreich,\u00a0\u201eSan Andreas\u201c und \u201ePortola\u201c aus Spanien bei uns zum Einsatz. So unterschiedlich diese Sorten in ihren Eigenschaften und Anspr\u00fcchen auch sind, eines haben sie gemeinsam \u2013 ihre ausgezeichneten Fruchtqualit\u00e4ten.<\/p>\n","protected":false},"excerpt":{"rendered":"<p>Zun\u00e4chst eine kleine Einf\u00fchrung in die Botanik und Geschichte der Erdbeere. Die Erdbeerpflanze geh\u00f6rt botanisch zur Familie der Rosengew\u00e4chse und ist somit verwandt mit Rosen, Apfel, Himbeere, Kirsche, Mandel usw. Es gibt etwa zwanzig verschiedene Wildformen der Erdbeerpflanze, die weltweit verbreitet sind. Erdbeeren wurden bereits in der Steinzeit gesammelt und auch r\u00f6mische Geschichtsschreiber berichten von&hellip;<\/p>\n","protected":false},"author":1,"featured_media":0,"parent":0,"menu_order":0,"comment_status":"closed","ping_status":"closed","template":"","meta":[],"_links":{"self":[{"href":"https:\/\/charlys-erdbeerhof.de\/index.php?rest_route=\/wp\/v2\/pages\/737"}],"collection":[{"href":"https:\/\/charlys-erdbeerhof.de\/index.php?rest_route=\/wp\/v2\/pages"}],"about":[{"href":"https:\/\/charlys-erdbeerhof.de\/index.php?rest_route=\/wp\/v2\/types\/page"}],"author":[{"embeddable":true,"href":"https:\/\/charlys-erdbeerhof.de\/index.php?rest_route=\/wp\/v2\/users\/1"}],"replies":[{"embeddable":true,"href":"https:\/\/charlys-erdbeerhof.de\/index.php?rest_route=%2Fwp%2Fv2%2Fcomments&post=737"}],"version-history":[{"count":15,"href":"https:\/\/charlys-erdbeerhof.de\/index.php?rest_route=\/wp\/v2\/pages\/737\/revisions"}],"predecessor-version":[{"id":1171,"href":"https:\/\/charlys-erdbeerhof.de\/index.php?rest_route=\/wp\/v2\/pages\/737\/revisions\/1171"}],"wp:attachment":[{"href":"https:\/\/charlys-erdbeerhof.de\/index.php?rest_route=%2Fwp%2Fv2%2Fmedia&parent=737"}],"curies":[{"name":"wp","href":"https:\/\/api.w.org\/{rel}","templated":true}]}}